{"id":134,"date":"2021-10-12T01:05:36","date_gmt":"2021-10-12T01:05:36","guid":{"rendered":"http:\/\/amb.com.co:8443\/amb\/?page_id=134"},"modified":"2024-03-21T20:25:55","modified_gmt":"2024-03-21T20:25:55","slug":"revision-de-obra-hidraulica-y-constancia-de-equipos-fisicos-instalados","status":"publish","type":"page","link":"https:\/\/www.amb.com.co\/amb\/servicio-al-cliente\/constructores-y-urbanizadores\/revision-de-obra-hidraulica-y-constancia-de-equipos-fisicos-instalados\/","title":{"rendered":"9. Revisi\u00f3n de Obra Hidr\u00e1ulica y Constancia de Equipos F\u00edsicos Instalados"},"content":{"rendered":"","protected":false},"excerpt":{"rendered":"","protected":false},"author":1,"featured_media":0,"parent":111,"menu_order":0,"comment_status":"closed","ping_status":"closed","template":"","meta":{"_monsterinsights_skip_tracking":false,"_monsterinsights_sitenote_active":false,"_monsterinsights_sitenote_note":"","_monsterinsights_sitenote_category":0,"footnotes":""},"class_list":["post-134","page","type-page","status-publish","hentry"],"_links":{"self":[{"href":"https:\/\/www.amb.com.co\/amb\/wp-json\/wp\/v2\/pages\/134","targetHints":{"allow":["GET"]}}],"collection":[{"href":"https:\/\/www.amb.com.co\/amb\/wp-json\/wp\/v2\/pages"}],"about":[{"href":"https:\/\/www.amb.com.co\/amb\/wp-json\/wp\/v2\/types\/page"}],"author":[{"embeddable":true,"href":"https:\/\/www.amb.com.co\/amb\/wp-json\/wp\/v2\/users\/1"}],"replies":[{"embeddable":true,"href":"https:\/\/www.amb.com.co\/amb\/wp-json\/wp\/v2\/comments?post=134"}],"version-history":[{"count":1,"href":"https:\/\/www.amb.com.co\/amb\/wp-json\/wp\/v2\/pages\/134\/revisions"}],"predecessor-version":[{"id":135,"href":"https:\/\/www.amb.com.co\/amb\/wp-json\/wp\/v2\/pages\/134\/revisions\/135"}],"up":[{"embeddable":true,"href":"https:\/\/www.amb.com.co\/amb\/wp-json\/wp\/v2\/pages\/111"}],"wp:attachment":[{"href":"https:\/\/www.amb.com.co\/amb\/wp-json\/wp\/v2\/media?parent=134"}],"curies":[{"name":"wp","href":"https:\/\/api.w.org\/{rel}","templated":true}]}}